{"id":143,"date":"2017-03-31T15:12:10","date_gmt":"2017-03-31T13:12:10","guid":{"rendered":"https:\/\/transponyx.com\/?page_id=143"},"modified":"2026-03-05T22:25:22","modified_gmt":"2026-03-05T21:25:22","slug":"mon-compte-chauffeur-vtc-nice-airport-driver-cannes-ou-passenger","status":"publish","type":"page","link":"https:\/\/transponyx.com\/en\/mon-compte-chauffeur-vtc-nice-airport-driver-cannes-ou-passenger\/","title":{"rendered":"My Account"},"content":{"rendered":"<div class=\"et_pb_section_0 et_pb_section et_section_regular et_block_section section_has_divider et_pb_top_divider et_pb_bottom_divider\"><div class=\"et_pb_top_inside_divider et-no-transition\"><\/div>\n<div class=\"et_pb_row_0 et_pb_row et_block_row et_pb_row_fullwidth\">\n<div class=\"et_pb_column_0 et_pb_column et_pb_column_4_4 et-last-child et_block_column et_pb_css_mix_blend_mode_passthrough\">\n<div class=\"et_pb_blurb_0 et_pb_blurb et_pb_bg_layout_light et_pb_text_align_center et_pb_blurb_position_top et_pb_module et_block_module\"><div class=\"et_pb_blurb_content\"><div class=\"et_pb_blurb_container\"><h1 class=\"et_pb_module_header\">Log in or Create Your Customer Account<\/h1><\/div><\/div><\/div>\n\n<div class=\"et_pb_module et_pb_button_module_wrapper et_pb_button_0_wrapper\"><a class=\"et_pb_button_0 et_pb_button et_pb_bg_layout_light et_pb_module et_block_module\" href=\"https:\/\/bookings.transponyx.com\/login\" target=\"_blank\">LOGIN &gt;&gt; PASSENGER ACCOUNT<\/a><\/div>\n\n<div class=\"et_pb_module et_pb_button_module_wrapper et_pb_button_1_wrapper\"><a class=\"et_pb_button_1 et_pb_button et_pb_bg_layout_light et_pb_module et_block_module\" href=\"https:\/\/bookings.transponyx.com\/account\/login\" target=\"_blank\">LOGIN &gt;&gt; COMPANY ACCOUNT<\/a><\/div>\n\n<div class=\"et_pb_module et_pb_button_module_wrapper et_pb_button_2_wrapper\"><a class=\"et_pb_button_2 et_pb_button et_pb_bg_layout_light et_pb_module et_block_module\" href=\"https:\/\/bookings.transponyx.com\/signup\" target=\"_blank\">CREATE A PASSENGER ACCOUNT<\/a><\/div>\n<\/div>\n<\/div>\n<div class=\"et_pb_bottom_inside_divider et-no-transition\"><\/div><\/div>","protected":false},"excerpt":{"rendered":"","protected":false},"author":1,"featured_media":0,"parent":0,"menu_order":7,"comment_status":"closed","ping_status":"closed","template":"","meta":{"footnotes":""},"class_list":["post-143","page","type-page","status-publish","hentry"],"yoast_head":"<!-- This site is optimized with the Yoast SEO plugin v27.5 - https:\/\/yoast.com\/product\/yoast-seo-wordpress\/ -->\n<title>Mon Compte - TranspOnyx - Onyx Transfers - Cr\u00e9ez un compte passager.<\/title>\n<meta name=\"description\" content=\"Mon compte, vous permet de b\u00e9n\u00e9ficier de r\u00e9duction sur vos r\u00e9servation, r\u00e9server rapidement, g\u00e9rer et avoir un historique de toutes vos r\u00e9servations.\" \/>\n<meta name=\"robots\" content=\"noindex, follow\" \/>\n<meta property=\"og:locale\" content=\"en_GB\" \/>\n<meta property=\"og:type\" content=\"article\" \/>\n<meta property=\"og:title\" content=\"Mon Compte - TranspOnyx - Onyx Transfers - Cr\u00e9ez un compte passager.\" \/>\n<meta property=\"og:description\" content=\"Mon compte, vous permet de b\u00e9n\u00e9ficier de r\u00e9duction sur vos r\u00e9servation, r\u00e9server rapidement, g\u00e9rer et avoir un historique de toutes vos r\u00e9servations.\" \/>\n<meta property=\"og:url\" content=\"https:\/\/transponyx.com\/en\/mon-compte-chauffeur-vtc-nice-airport-driver-cannes-ou-passenger\/\" \/>\n<meta property=\"og:site_name\" content=\"TranspOnyx - Onyx Transfers\" \/>\n<meta property=\"article:publisher\" content=\"https:\/\/www.facebook.com\/TranspOnyx\/\" \/>\n<meta property=\"article:modified_time\" content=\"2026-03-05T21:25:22+00:00\" \/>\n<meta property=\"og:image\" content=\"https:\/\/transponyx.com\/wp-content\/uploads\/1774405434792_Chauffeur-with-luxury-car-near-Monaco-port.jpeg\" \/>\n\t<meta property=\"og:image:width\" content=\"1280\" \/>\n\t<meta property=\"og:image:height\" content=\"714\" \/>\n\t<meta property=\"og:image:type\" content=\"image\/jpeg\" \/>\n<meta name=\"twitter:card\" content=\"summary_large_image\" \/>\n<meta name=\"twitter:site\" content=\"@TranspOnyx\" \/>\n<meta name=\"twitter:label1\" content=\"Estimated reading time\" \/>\n\t<meta name=\"twitter:data1\" content=\"1 minute\" \/>\n<script type=\"application\/ld+json\" class=\"yoast-schema-graph\">{\"@context\":\"https:\\\/\\\/schema.org\",\"@graph\":[{\"@type\":\"WebPage\",\"@id\":\"https:\\\/\\\/transponyx.com\\\/mon-compte-chauffeur-vtc-nice-airport-driver-cannes-ou-passenger\\\/\",\"url\":\"https:\\\/\\\/transponyx.com\\\/mon-compte-chauffeur-vtc-nice-airport-driver-cannes-ou-passenger\\\/\",\"name\":\"Mon Compte - TranspOnyx - Onyx Transfers - Cr\u00e9ez un compte passager.\",\"isPartOf\":{\"@id\":\"https:\\\/\\\/transponyx.com\\\/#website\"},\"datePublished\":\"2017-03-31T13:12:10+00:00\",\"dateModified\":\"2026-03-05T21:25:22+00:00\",\"description\":\"Mon compte, vous permet de b\u00e9n\u00e9ficier de r\u00e9duction sur vos r\u00e9servation, r\u00e9server rapidement, g\u00e9rer et avoir un historique de toutes vos r\u00e9servations.\",\"breadcrumb\":{\"@id\":\"https:\\\/\\\/transponyx.com\\\/mon-compte-chauffeur-vtc-nice-airport-driver-cannes-ou-passenger\\\/#breadcrumb\"},\"inLanguage\":\"en-GB\",\"potentialAction\":[{\"@type\":\"ReadAction\",\"target\":[\"https:\\\/\\\/transponyx.com\\\/mon-compte-chauffeur-vtc-nice-airport-driver-cannes-ou-passenger\\\/\"]}]},{\"@type\":\"BreadcrumbList\",\"@id\":\"https:\\\/\\\/transponyx.com\\\/mon-compte-chauffeur-vtc-nice-airport-driver-cannes-ou-passenger\\\/#breadcrumb\",\"itemListElement\":[{\"@type\":\"ListItem\",\"position\":1,\"name\":\"Home\",\"item\":\"https:\\\/\\\/transponyx.com\\\/\"},{\"@type\":\"ListItem\",\"position\":2,\"name\":\"Mon Compte\"}]},{\"@type\":\"WebSite\",\"@id\":\"https:\\\/\\\/transponyx.com\\\/#website\",\"url\":\"https:\\\/\\\/transponyx.com\\\/\",\"name\":\"TranspOnyx\",\"description\":\"Chauffeur Services and Much More...\",\"publisher\":{\"@id\":\"https:\\\/\\\/transponyx.com\\\/#organization\"},\"alternateName\":\"TranspOnyx\",\"potentialAction\":[{\"@type\":\"SearchAction\",\"target\":{\"@type\":\"EntryPoint\",\"urlTemplate\":\"https:\\\/\\\/transponyx.com\\\/?s={search_term_string}\"},\"query-input\":{\"@type\":\"PropertyValueSpecification\",\"valueRequired\":true,\"valueName\":\"search_term_string\"}}],\"inLanguage\":\"en-GB\"},{\"@type\":\"Organization\",\"@id\":\"https:\\\/\\\/transponyx.com\\\/#organization\",\"name\":\"TranspOnyx\",\"url\":\"https:\\\/\\\/transponyx.com\\\/\",\"logo\":{\"@type\":\"ImageObject\",\"inLanguage\":\"en-GB\",\"@id\":\"https:\\\/\\\/transponyx.com\\\/#\\\/schema\\\/logo\\\/image\\\/\",\"url\":\"https:\\\/\\\/transponyx.com\\\/wp-content\\\/uploads\\\/logo-onyx-transfers-transponyx-service-chauffeur-prive-nice-webp-squoosh-e1774093035899.webp\",\"contentUrl\":\"https:\\\/\\\/transponyx.com\\\/wp-content\\\/uploads\\\/logo-onyx-transfers-transponyx-service-chauffeur-prive-nice-webp-squoosh-e1774093035899.webp\",\"width\":252,\"height\":114,\"caption\":\"TranspOnyx\"},\"image\":{\"@id\":\"https:\\\/\\\/transponyx.com\\\/#\\\/schema\\\/logo\\\/image\\\/\"},\"sameAs\":[\"https:\\\/\\\/www.facebook.com\\\/TranspOnyx\\\/\",\"https:\\\/\\\/x.com\\\/TranspOnyx\",\"https:\\\/\\\/www.instagram.com\\\/transponyx\",\"https:\\\/\\\/www.linkedin.com\\\/company\\\/transponyx-transfers\\\/?viewAsMember=true\"]}]}<\/script>\n<!-- \/ Yoast SEO plugin. -->","yoast_head_json":{"title":"Mon Compte - TranspOnyx - Onyx Transfers - Cr\u00e9ez un compte passager.","description":"My account allows you to benefit from discounts on your bookings, book quickly, manage and have a history of all your bookings.","robots":{"index":"noindex","follow":"follow"},"og_locale":"en_GB","og_type":"article","og_title":"Mon Compte - TranspOnyx - Onyx Transfers - Cr\u00e9ez un compte passager.","og_description":"Mon compte, vous permet de b\u00e9n\u00e9ficier de r\u00e9duction sur vos r\u00e9servation, r\u00e9server rapidement, g\u00e9rer et avoir un historique de toutes vos r\u00e9servations.","og_url":"https:\/\/transponyx.com\/en\/mon-compte-chauffeur-vtc-nice-airport-driver-cannes-ou-passenger\/","og_site_name":"TranspOnyx - Onyx Transfers","article_publisher":"https:\/\/www.facebook.com\/TranspOnyx\/","article_modified_time":"2026-03-05T21:25:22+00:00","og_image":[{"width":1280,"height":714,"url":"https:\/\/transponyx.com\/wp-content\/uploads\/1774405434792_Chauffeur-with-luxury-car-near-Monaco-port.jpeg","type":"image\/jpeg"}],"twitter_card":"summary_large_image","twitter_site":"@TranspOnyx","twitter_misc":{"Estimated reading time":"1 minute"},"schema":{"@context":"https:\/\/schema.org","@graph":[{"@type":"WebPage","@id":"https:\/\/transponyx.com\/mon-compte-chauffeur-vtc-nice-airport-driver-cannes-ou-passenger\/","url":"https:\/\/transponyx.com\/mon-compte-chauffeur-vtc-nice-airport-driver-cannes-ou-passenger\/","name":"Mon Compte - TranspOnyx - Onyx Transfers - Cr\u00e9ez un compte passager.","isPartOf":{"@id":"https:\/\/transponyx.com\/#website"},"datePublished":"2017-03-31T13:12:10+00:00","dateModified":"2026-03-05T21:25:22+00:00","description":"My account allows you to benefit from discounts on your bookings, book quickly, manage and have a history of all your bookings.","breadcrumb":{"@id":"https:\/\/transponyx.com\/mon-compte-chauffeur-vtc-nice-airport-driver-cannes-ou-passenger\/#breadcrumb"},"inLanguage":"en-GB","potentialAction":[{"@type":"ReadAction","target":["https:\/\/transponyx.com\/mon-compte-chauffeur-vtc-nice-airport-driver-cannes-ou-passenger\/"]}]},{"@type":"BreadcrumbList","@id":"https:\/\/transponyx.com\/mon-compte-chauffeur-vtc-nice-airport-driver-cannes-ou-passenger\/#breadcrumb","itemListElement":[{"@type":"ListItem","position":1,"name":"Home","item":"https:\/\/transponyx.com\/"},{"@type":"ListItem","position":2,"name":"Mon Compte"}]},{"@type":"WebSite","@id":"https:\/\/transponyx.com\/#website","url":"https:\/\/transponyx.com\/","name":"TranspOnyx","description":"Driver Services and Much More...","publisher":{"@id":"https:\/\/transponyx.com\/#organization"},"alternateName":"TranspOnyx","potentialAction":[{"@type":"SearchAction","target":{"@type":"EntryPoint","urlTemplate":"https:\/\/transponyx.com\/?s={search_term_string}"},"query-input":{"@type":"PropertyValueSpecification","valueRequired":true,"valueName":"search_term_string"}}],"inLanguage":"en-GB"},{"@type":"Organization","@id":"https:\/\/transponyx.com\/#organization","name":"TranspOnyx","url":"https:\/\/transponyx.com\/","logo":{"@type":"ImageObject","inLanguage":"en-GB","@id":"https:\/\/transponyx.com\/#\/schema\/logo\/image\/","url":"https:\/\/transponyx.com\/wp-content\/uploads\/logo-onyx-transfers-transponyx-service-chauffeur-prive-nice-webp-squoosh-e1774093035899.webp","contentUrl":"https:\/\/transponyx.com\/wp-content\/uploads\/logo-onyx-transfers-transponyx-service-chauffeur-prive-nice-webp-squoosh-e1774093035899.webp","width":252,"height":114,"caption":"TranspOnyx"},"image":{"@id":"https:\/\/transponyx.com\/#\/schema\/logo\/image\/"},"sameAs":["https:\/\/www.facebook.com\/TranspOnyx\/","https:\/\/x.com\/TranspOnyx","https:\/\/www.instagram.com\/transponyx","https:\/\/www.linkedin.com\/company\/transponyx-transfers\/?viewAsMember=true"]}]}},"_links":{"self":[{"href":"https:\/\/transponyx.com\/en\/wp-json\/wp\/v2\/pages\/143","targetHints":{"allow":["GET"]}}],"collection":[{"href":"https:\/\/transponyx.com\/en\/wp-json\/wp\/v2\/pages"}],"about":[{"href":"https:\/\/transponyx.com\/en\/wp-json\/wp\/v2\/types\/page"}],"author":[{"embeddable":true,"href":"https:\/\/transponyx.com\/en\/wp-json\/wp\/v2\/users\/1"}],"replies":[{"embeddable":true,"href":"https:\/\/transponyx.com\/en\/wp-json\/wp\/v2\/comments?post=143"}],"version-history":[{"count":33,"href":"https:\/\/transponyx.com\/en\/wp-json\/wp\/v2\/pages\/143\/revisions"}],"predecessor-version":[{"id":18078,"href":"https:\/\/transponyx.com\/en\/wp-json\/wp\/v2\/pages\/143\/revisions\/18078"}],"wp:attachment":[{"href":"https:\/\/transponyx.com\/en\/wp-json\/wp\/v2\/media?parent=143"}],"curies":[{"name":"wp","href":"https:\/\/api.w.org\/{rel}","templated":true}]}}